{"id":8,"date":"2014-01-30T19:12:53","date_gmt":"2014-01-30T17:12:53","guid":{"rendered":"http:\/\/www.robertosculpture.at\/?page_id=8"},"modified":"2017-05-17T18:02:29","modified_gmt":"2017-05-17T16:02:29","slug":"ueber-mich","status":"publish","type":"page","link":"https:\/\/www.robertosculpture.at\/fr\/ueber-mich\/","title":{"rendered":"Biographie"},"content":{"rendered":"<p><\/p>\n<div><a href=\"http:\/\/www.robertosculpture.at\/ueber-mich\/olympus-digital-camera-55\/\" rel=\"attachment wp-att-2030\"><img loading=\"lazy\" decoding=\"async\" data-attachment-id=\"2030\" data-permalink=\"https:\/\/www.robertosculpture.at\/fr\/ueber-mich\/olympus-digital-camera-55\/\" data-orig-file=\"https:\/\/www.robertosculpture.at\/wp-content\/uploads\/2015\/09\/P9250634-Kopie1.jpg\" data-orig-size=\"2500,1771\" data-comments-opened=\"0\" data-image-meta=\"{&quot;aperture&quot;:&quot;3.5&quot;,&quot;credit&quot;:&quot;Picasa&quot;,&quot;camera&quot;:&quot;E-M5&quot;,&quot;caption&quot;:&quot;OLYMPUS DIGITAL CAMERA&quot;,&quot;created_timestamp&quot;:&quot;1443196035&quot;,&quot;copyright&quot;:&quot;Robert Hautz&quot;,&quot;focal_length&quot;:&quot;12&quot;,&quot;iso&quot;:&quot;200&quot;,&quot;shutter_speed&quot;:&quot;0.02&quot;,&quot;title&quot;:&quot;OLYMPUS DIGITAL CAMERA&quot;,&quot;orientation&quot;:&quot;1&quot;}\" data-image-title=\"\" data-image-description=\"\" data-image-caption=\"\" data-medium-file=\"https:\/\/www.robertosculpture.at\/wp-content\/uploads\/2015\/09\/P9250634-Kopie1-300x213.jpg\" data-large-file=\"https:\/\/www.robertosculpture.at\/wp-content\/uploads\/2015\/09\/P9250634-Kopie1.jpg\" class=\"alignleft size-thumbnail wp-image-2030\" src=\"http:\/\/www.robertosculpture.at\/wp-content\/uploads\/2015\/09\/P9250634-Kopie1-150x150.jpg\" alt=\"\" width=\"150\" height=\"150\" \/><\/a><a href=\"http:\/\/www.robertosculpture.at\/wp-content\/uploads\/2014\/04\/P4030560a.jpg\"><br \/>\n<\/a><\/div>\n<div><\/div>\n<div><\/div>\n<div><\/div>\n<div><\/div>\n<div><\/div>\n<div><\/div>\n<div><\/div>\n<div><\/div>\n<div><\/div>\n<div>\n<ul>\n<li><span lang=\"fr\">N\u00e9 1967 \u00e0 Innsbruck<\/span><\/li>\n<li><span lang=\"fr\">1981-1985 Ecole de sculpture \u00e0 Innsbruck<\/span><\/li>\n<li><span lang=\"fr\">1985-1993 Fonderie en bronze Gra\u00dfmayr comme modeleur \u00e0 Innsbruck<\/span><\/li>\n<li><span lang=\"fr\">1990 &#8211; 1993 Ecole du soir des arts et m\u00e9tiers \u00e0 Innsbruck<\/span><\/li>\n<li><span lang=\"fr\">1994-2001 E<\/span><span lang=\"fr\">tude de th\u00e9ologie catholique \u00e0 Innsbruck<\/span><\/li>\n<li><span lang=\"fr\">2001-2013 Des activit\u00e9s pastorales et sculpturales \u00e0 Innsbruck, Graz et en France (2008-2010)<\/span><\/li>\n<li><span lang=\"fr\">Depuis Octobre 2013, sculpteur freelance \u00e0 Graz<\/span><\/li>\n<\/ul>\n<\/div>\n<p><\/p>","protected":false},"excerpt":{"rendered":"<p>N\u00e9 1967 \u00e0 Innsbruck 1981-1985 Ecole de sculpture \u00e0 Innsbruck 1985-1993 Fonderie en bronze Gra\u00dfmayr comme modeleur \u00e0 Innsbruck 1990 &#8211; 1993 Ecole du soir des arts et m\u00e9tiers \u00e0 Innsbruck 1994-2001 Etude de th\u00e9ologie catholique \u00e0 Innsbruck 2001-2013 Des activit\u00e9s pastorales et sculpturales \u00e0 Innsbruck, Graz et en France (2008-2010) Depuis Octobre 2013, sculpteur [&hellip;]<\/p>\n","protected":false},"author":1,"featured_media":0,"parent":0,"menu_order":0,"comment_status":"closed","ping_status":"closed","template":"","meta":{"advanced_seo_description":"","jetpack_seo_html_title":"","jetpack_seo_noindex":false,"jetpack_post_was_ever_published":false,"footnotes":""},"class_list":["post-8","page","type-page","status-publish","hentry"],"jetpack_shortlink":"https:\/\/wp.me\/P4L60L-8","jetpack_sharing_enabled":true,"_links":{"self":[{"href":"https:\/\/www.robertosculpture.at\/fr\/wp-json\/wp\/v2\/pages\/8","targetHints":{"allow":["GET"]}}],"collection":[{"href":"https:\/\/www.robertosculpture.at\/fr\/wp-json\/wp\/v2\/pages"}],"about":[{"href":"https:\/\/www.robertosculpture.at\/fr\/wp-json\/wp\/v2\/types\/page"}],"author":[{"embeddable":true,"href":"https:\/\/www.robertosculpture.at\/fr\/wp-json\/wp\/v2\/users\/1"}],"replies":[{"embeddable":true,"href":"https:\/\/www.robertosculpture.at\/fr\/wp-json\/wp\/v2\/comments?post=8"}],"version-history":[{"count":67,"href":"https:\/\/www.robertosculpture.at\/fr\/wp-json\/wp\/v2\/pages\/8\/revisions"}],"predecessor-version":[{"id":2667,"href":"https:\/\/www.robertosculpture.at\/fr\/wp-json\/wp\/v2\/pages\/8\/revisions\/2667"}],"wp:attachment":[{"href":"https:\/\/www.robertosculpture.at\/fr\/wp-json\/wp\/v2\/media?parent=8"}],"curies":[{"name":"wp","href":"https:\/\/api.w.org\/{rel}","templated":true}]}}