{"id":2401,"date":"2017-04-21T12:20:01","date_gmt":"2017-04-21T10:20:01","guid":{"rendered":"http:\/\/www.robertosculpture.at\/?page_id=2401"},"modified":"2025-06-24T19:44:15","modified_gmt":"2025-06-24T17:44:15","slug":"ausstellungen","status":"publish","type":"page","link":"https:\/\/www.robertosculpture.at\/fr\/ausstellungen\/","title":{"rendered":"(Deutsch) Ausstellungen"},"content":{"rendered":"<p><\/p>\n<ul>\n<li>12. April 2015\u00a0\u00a0\u00a0\u00a0\u00a0\u00a0 <a href=\"http:\/\/www.st-andrae-graz.at\/skulpturen-von-robert-hautz-ausstellung-im-andraesaal\/\" target=\"_blank\" rel=\"noopener\">Andr\u00e4saal | Graz-St. Andr\u00e4_2015<\/a><\/li>\n<li>10. J\u00e4nner 2016\u00a0\u00a0 \u00a0<a href=\"https:\/\/www.facebook.com\/media\/set\/?set=a.860838707368620.1073741830.804935052958986&amp;type=3\">\u00d6sterreichisch-Rum\u00e4nisches Kulturzentrum<\/a><\/li>\n<li>28. April bis 23. Juni 2017\u00a0\u00a0<a href=\"http:\/\/www.kath-kirche-graz.at\/?d=vernissage-6#.WPnyv85OKUk\" target=\"_blank\" rel=\"noopener\">Kirchen<em>eck<\/em> Graz, Herrengasse 23<\/a>\u00a0|\u00a0<a href=\"http:\/\/www.robertosculpture.at\/\">Ausstellung<\/a><\/li>\n<li>7. Dezember 2024 bis 8. Februar 2025 <a href=\"https:\/\/sanktlukas.graz-seckau.at\/pfarre\/6134\">Foyer Graz-St. Lukas<\/a> | <a href=\"https:\/\/www.robertosculpture.at\/ausstellungen\/bericht-ueber-die-ausstellung-von-bildhauer-robert-hautz\/\" rel=\"attachment wp-att-8502\">Bericht \u00fcber die Ausstellun<\/a><a href=\"https:\/\/www.robertosculpture.at\/ausstellungen\/bericht-ueber-die-ausstellung-von-bildhauer-robert-hautz\/\" rel=\"attachment wp-att-8502\">g von Bildhauer Robert Hautz<\/a><\/li>\n<\/ul>\n<p><a href=\"https:\/\/www.robertosculpture.at\/portfolio\/ausstellung_2024_plakat_finissage\/ausstellung_2024_plakat_webbild\/\" rel=\"attachment wp-att-8441\"><img loading=\"lazy\" decoding=\"async\" data-attachment-id=\"8441\" data-permalink=\"https:\/\/www.robertosculpture.at\/fr\/?attachment_id=8441\" data-orig-file=\"https:\/\/www.robertosculpture.at\/wp-content\/uploads\/2024\/11\/Ausstellung_2024_Plakat_webbild.png\" data-orig-size=\"1587,2245\" data-comments-opened=\"0\" data-image-meta=\"{&quot;aperture&quot;:&quot;0&quot;,&quot;credit&quot;:&quot;&quot;,&quot;camera&quot;:&quot;&quot;,&quot;caption&quot;:&quot;&quot;,&quot;created_timestamp&quot;:&quot;0&quot;,&quot;copyright&quot;:&quot;&quot;,&quot;focal_length&quot;:&quot;0&quot;,&quot;iso&quot;:&quot;0&quot;,&quot;shutter_speed&quot;:&quot;0&quot;,&quot;title&quot;:&quot;&quot;,&quot;orientation&quot;:&quot;0&quot;}\" data-image-title=\"Ausstellung_2024_Plakat_webbild\" data-image-description=\"&lt;p class=&quot;qtranxs-available-languages-message qtranxs-available-languages-message-fr&quot;&gt;D\u00e9sol\u00e9, cet article est seulement disponible en &lt;a href=&quot;https:\/\/www.robertosculpture.at\/de\/wp-json\/wp\/v2\/pages\/2401&quot; class=&quot;qtranxs-available-language-link qtranxs-available-language-link-de&quot; title=&quot;Deutsch&quot;&gt;Deutsch&lt;\/a&gt;.&lt;\/p&gt;\n\" data-image-caption=\"\" data-medium-file=\"https:\/\/www.robertosculpture.at\/wp-content\/uploads\/2024\/11\/Ausstellung_2024_Plakat_webbild-212x300.png\" data-large-file=\"https:\/\/www.robertosculpture.at\/wp-content\/uploads\/2024\/11\/Ausstellung_2024_Plakat_webbild-724x1024.png\" class=\"alignleft wp-image-8441 size-medium\" src=\"https:\/\/www.robertosculpture.at\/wp-content\/uploads\/2024\/11\/Ausstellung_2024_Plakat_webbild-212x300.png\" alt=\"\" width=\"212\" height=\"300\" srcset=\"https:\/\/www.robertosculpture.at\/wp-content\/uploads\/2024\/11\/Ausstellung_2024_Plakat_webbild-212x300.png 212w, https:\/\/www.robertosculpture.at\/wp-content\/uploads\/2024\/11\/Ausstellung_2024_Plakat_webbild-724x1024.png 724w, https:\/\/www.robertosculpture.at\/wp-content\/uploads\/2024\/11\/Ausstellung_2024_Plakat_webbild-768x1086.png 768w, https:\/\/www.robertosculpture.at\/wp-content\/uploads\/2024\/11\/Ausstellung_2024_Plakat_webbild-1086x1536.png 1086w, https:\/\/www.robertosculpture.at\/wp-content\/uploads\/2024\/11\/Ausstellung_2024_Plakat_webbild-1448x2048.png 1448w, https:\/\/www.robertosculpture.at\/wp-content\/uploads\/2024\/11\/Ausstellung_2024_Plakat_webbild-690x976.png 690w, https:\/\/www.robertosculpture.at\/wp-content\/uploads\/2024\/11\/Ausstellung_2024_Plakat_webbild-980x1386.png 980w, https:\/\/www.robertosculpture.at\/wp-content\/uploads\/2024\/11\/Ausstellung_2024_Plakat_webbild.png 1587w\" sizes=\"auto, (max-width: 212px) 100vw, 212px\" \/><\/a><\/p>\n<p><a href=\"https:\/\/www.robertosculpture.at\/portfolio\/ausstellung_2024_plakat_finissage\/ausstellung_2024_webbild\/\" rel=\"attachment wp-att-8444\"><img loading=\"lazy\" decoding=\"async\" data-attachment-id=\"8444\" data-permalink=\"https:\/\/www.robertosculpture.at\/fr\/?attachment_id=8444\" data-orig-file=\"https:\/\/www.robertosculpture.at\/wp-content\/uploads\/2023\/02\/Ausstellung_2024_webbild.png\" data-orig-size=\"1587,1197\" data-comments-opened=\"0\" data-image-meta=\"{&quot;aperture&quot;:&quot;0&quot;,&quot;credit&quot;:&quot;&quot;,&quot;camera&quot;:&quot;&quot;,&quot;caption&quot;:&quot;&quot;,&quot;created_timestamp&quot;:&quot;0&quot;,&quot;copyright&quot;:&quot;&quot;,&quot;focal_length&quot;:&quot;0&quot;,&quot;iso&quot;:&quot;0&quot;,&quot;shutter_speed&quot;:&quot;0&quot;,&quot;title&quot;:&quot;&quot;,&quot;orientation&quot;:&quot;0&quot;}\" data-image-title=\"Ausstellung_2024_webbild\" data-image-description=\"\" data-image-caption=\"\" data-medium-file=\"https:\/\/www.robertosculpture.at\/wp-content\/uploads\/2023\/02\/Ausstellung_2024_webbild-300x226.png\" data-large-file=\"https:\/\/www.robertosculpture.at\/wp-content\/uploads\/2023\/02\/Ausstellung_2024_webbild-1024x772.png\" class=\"alignleft wp-image-8444 size-medium\" src=\"https:\/\/www.robertosculpture.at\/wp-content\/uploads\/2023\/02\/Ausstellung_2024_webbild-300x226.png\" alt=\"\" width=\"300\" height=\"226\" srcset=\"https:\/\/www.robertosculpture.at\/wp-content\/uploads\/2023\/02\/Ausstellung_2024_webbild-300x226.png 300w, https:\/\/www.robertosculpture.at\/wp-content\/uploads\/2023\/02\/Ausstellung_2024_webbild-1024x772.png 1024w, https:\/\/www.robertosculpture.at\/wp-content\/uploads\/2023\/02\/Ausstellung_2024_webbild-768x579.png 768w, https:\/\/www.robertosculpture.at\/wp-content\/uploads\/2023\/02\/Ausstellung_2024_webbild-1536x1159.png 1536w, https:\/\/www.robertosculpture.at\/wp-content\/uploads\/2023\/02\/Ausstellung_2024_webbild-690x520.png 690w, https:\/\/www.robertosculpture.at\/wp-content\/uploads\/2023\/02\/Ausstellung_2024_webbild-980x739.png 980w, https:\/\/www.robertosculpture.at\/wp-content\/uploads\/2023\/02\/Ausstellung_2024_webbild.png 1587w\" sizes=\"auto, (max-width: 300px) 100vw, 300px\" \/><\/a><\/p>\n<p><a href=\"http:\/\/www.robertosculpture.at\/ausstellungen\/ausstellungsrezension\/\" rel=\"attachment wp-att-2663\"><img loading=\"lazy\" decoding=\"async\" data-attachment-id=\"2663\" data-permalink=\"https:\/\/www.robertosculpture.at\/fr\/ausstellungen\/ausstellungsrezension\/\" data-orig-file=\"https:\/\/www.robertosculpture.at\/wp-content\/uploads\/2017\/05\/Ausstellungsrezension.jpg\" data-orig-size=\"1237,1749\" data-comments-opened=\"0\" data-image-meta=\"{&quot;aperture&quot;:&quot;0&quot;,&quot;credit&quot;:&quot;&quot;,&quot;camera&quot;:&quot;&quot;,&quot;caption&quot;:&quot;&quot;,&quot;created_timestamp&quot;:&quot;0&quot;,&quot;copyright&quot;:&quot;&quot;,&quot;focal_length&quot;:&quot;0&quot;,&quot;iso&quot;:&quot;0&quot;,&quot;shutter_speed&quot;:&quot;0&quot;,&quot;title&quot;:&quot;&quot;,&quot;orientation&quot;:&quot;0&quot;}\" data-image-title=\"\" data-image-description=\"\" data-image-caption=\"\" data-medium-file=\"https:\/\/www.robertosculpture.at\/wp-content\/uploads\/2017\/05\/Ausstellungsrezension-212x300.jpg\" data-large-file=\"https:\/\/www.robertosculpture.at\/wp-content\/uploads\/2017\/05\/Ausstellungsrezension.jpg\" class=\"alignleft wp-image-2663 size-medium\" src=\"http:\/\/www.robertosculpture.at\/wp-content\/uploads\/2017\/05\/Ausstellungsrezension-212x300.jpg\" alt=\"\" width=\"212\" height=\"300\" srcset=\"https:\/\/www.robertosculpture.at\/wp-content\/uploads\/2017\/05\/Ausstellungsrezension-212x300.jpg 212w, https:\/\/www.robertosculpture.at\/wp-content\/uploads\/2017\/05\/Ausstellungsrezension-690x976.jpg 690w, https:\/\/www.robertosculpture.at\/wp-content\/uploads\/2017\/05\/Ausstellungsrezension-980x1386.jpg 980w, https:\/\/www.robertosculpture.at\/wp-content\/uploads\/2017\/05\/Ausstellungsrezension.jpg 1237w\" sizes=\"auto, (max-width: 212px) 100vw, 212px\" \/><\/a><\/p>","protected":false},"excerpt":{"rendered":"<p>12. April 2015\u00a0\u00a0\u00a0\u00a0\u00a0\u00a0 Andr\u00e4saal | Graz-St. Andr\u00e4_2015 10. J\u00e4nner 2016\u00a0\u00a0 \u00a0\u00d6sterreichisch-Rum\u00e4nisches Kulturzentrum 28. April bis 23. Juni 2017\u00a0\u00a0Kircheneck Graz, Herrengasse 23\u00a0|\u00a0Ausstellung 7. Dezember 2024 bis 8. Februar 2025 Foyer Graz-St. Lukas | Bericht \u00fcber die Ausstellung von Bildhauer Robert Hautz<\/p>\n","protected":false},"author":2,"featured_media":0,"parent":0,"menu_order":0,"comment_status":"closed","ping_status":"closed","template":"","meta":{"advanced_seo_description":"","jetpack_seo_html_title":"","jetpack_seo_noindex":false,"jetpack_post_was_ever_published":false,"footnotes":""},"class_list":["post-2401","page","type-page","status-publish","hentry"],"jetpack_shortlink":"https:\/\/wp.me\/P4L60L-CJ","jetpack_sharing_enabled":true,"_links":{"self":[{"href":"https:\/\/www.robertosculpture.at\/fr\/wp-json\/wp\/v2\/pages\/2401","targetHints":{"allow":["GET"]}}],"collection":[{"href":"https:\/\/www.robertosculpture.at\/fr\/wp-json\/wp\/v2\/pages"}],"about":[{"href":"https:\/\/www.robertosculpture.at\/fr\/wp-json\/wp\/v2\/types\/page"}],"author":[{"embeddable":true,"href":"https:\/\/www.robertosculpture.at\/fr\/wp-json\/wp\/v2\/users\/2"}],"replies":[{"embeddable":true,"href":"https:\/\/www.robertosculpture.at\/fr\/wp-json\/wp\/v2\/comments?post=2401"}],"version-history":[{"count":31,"href":"https:\/\/www.robertosculpture.at\/fr\/wp-json\/wp\/v2\/pages\/2401\/revisions"}],"predecessor-version":[{"id":8537,"href":"https:\/\/www.robertosculpture.at\/fr\/wp-json\/wp\/v2\/pages\/2401\/revisions\/8537"}],"wp:attachment":[{"href":"https:\/\/www.robertosculpture.at\/fr\/wp-json\/wp\/v2\/media?parent=2401"}],"curies":[{"name":"wp","href":"https:\/\/api.w.org\/{rel}","templated":true}]}}