{"id":10,"date":"2014-01-30T19:13:12","date_gmt":"2014-01-30T17:13:12","guid":{"rendered":"http:\/\/www.robertosculpture.at\/?page_id=10"},"modified":"2021-06-08T21:52:27","modified_gmt":"2021-06-08T19:52:27","slug":"kontakt","status":"publish","type":"page","link":"https:\/\/www.robertosculpture.at\/fr\/kontakt\/","title":{"rendered":"Contact"},"content":{"rendered":"<p>Contact\" novalidate>\n\n<div style=\"\" class='grunion-field-name-wrap grunion-field-wrap'  >\n<label\n\t\t\t\tfor='g10-name'\n\t\t\t\tclass='grunion-field-label name'>Name<span class=\"grunion-label-required\" aria-hidden=\"true\">(obligatoire)<\/span><\/label>\n<input\n\t\t\t\t\ttype='text'\n\t\t\t\t\tname='g10-name'\n\t\t\t\t\tid='g10-name'\n\t\t\t\t\tvalue=''\n\t\t\t\t\tclass='name  grunion-field' \n\t\t\t\t\trequired aria-required='true' \/>\n\t<\/div>\n\n<div style=\"\" class='grunion-field-email-wrap grunion-field-wrap'  >\n<label\n\t\t\t\tfor='g10-email'\n\t\t\t\tclass='grunion-field-label email'>E-Mail<span class=\"grunion-label-required\" aria-hidden=\"true\">(obligatoire)<\/span><\/label>\n<input\n\t\t\t\t\ttype='email'\n\t\t\t\t\tname='g10-email'\n\t\t\t\t\tid='g10-email'\n\t\t\t\t\tvalue=''\n\t\t\t\t\tclass='email  grunion-field' \n\t\t\t\t\trequired aria-required='true' \/>\n\t<\/div>\n\n<div style=\"\" class='grunion-field-url-wrap grunion-field-wrap'  >\n<label\n\t\t\t\tfor='g10-webseite'\n\t\t\t\tclass='grunion-field-label url'>Webseite<\/label>\n<input\n\t\t\t\t\ttype='text'\n\t\t\t\t\tname='g10-webseite'\n\t\t\t\t\tid='g10-webseite'\n\t\t\t\t\tvalue=''\n\t\t\t\t\tclass='url  grunion-field' \n\t\t\t\t\ttitle=\"Veuillez saisir une URL valide - https:\/\/www.exemple.fr\" oninvalid=\"setCustomValidity(&quot;Veuillez saisir une URL valide - https:\/\/www.exemple.fr&quot;)\" oninput=\"setCustomValidity(&quot;&quot;)\" pattern=\"(?:(?:[Hh][Tt][Tt][Pp][Ss]?|[Ff][Tt][Pp]):\\\/\\\/)?(?:\\S+(?::\\S*)?@|\\d{1,3}(?:\\.\\d{1,3}){3}|(?:(?:[a-zA-Z\\d\\u00a1-\\uffff]+-?)*[a-zA-Z\\d\\u00a1-\\uffff]+)(?:\\.(?:[a-zA-Z\\d\\u00a1-\\uffff]+-?)*[a-zA-Z\\d\\u00a1-\\uffff]+)*(?:\\.[a-zA-Z\\u00a1-\\uffff]{2,6}))(?::\\d+)?(?:[^\\s]*)?\" data-type-override=\"url\"  \/>\n\t<\/div>\n\n<div style=\"\" class='grunion-field-textarea-wrap grunion-field-wrap'  >\n<label\n\t\t\t\tfor='contact-form-comment-g10-nachricht'\n\t\t\t\tclass='grunion-field-label textarea'>Nachricht<span class=\"grunion-label-required\" aria-hidden=\"true\">(obligatoire)<\/span><\/label>\n<textarea\n\t\t                style=''\n\t\t                name='g10-nachricht'\n\t\t                id='contact-form-comment-g10-nachricht'\n\t\t                rows='20' class='textarea  grunion-field'  required aria-required='true'><\/textarea>\n\t<\/div>\n\t<p class='contact-submit'>\n\t\t<button type='submit' class='pushbutton-wide'>Envoyer<\/button>\t\t<input type='hidden' name='contact-form-id' value='10' \/>\n\t\t<input type='hidden' name='action' value='grunion-contact-form' \/>\n\t\t<input type='hidden' name='contact-form-hash' value='d22cab5cb56ae46c0d2d26e5c971ff19492785b0' \/>\n\t<\/p>\n<\/form>\n<\/div><\/p>\n<p style=\"text-align: justify;\"><em>S\u00e4mtliche auf dieser Homepage ver\u00f6ffentlichten Inhalte und Abbildungen unterliegen dem vollumf\u00e4nglichen Urheber- und Nutzungsrecht der Autoren bzw. Fotografen und K\u00fcnstler. Eine Nutzung ohne ausdr\u00fcckliche schriftliche Einverst\u00e4ndniserkl\u00e4rung ist nicht zul\u00e4ssig. Die Weiterverwendung von auf dieser Seite ver\u00f6ffentlichten pers\u00f6nlichen Daten bedarf ebenfalls der ausdr\u00fccklichen schriftlichen Zustimmung des Betroffenen. <\/em><\/p>\n<p style=\"text-align: justify;\"><em>\u00a9 Robert Hautz<\/em><\/p>\n<p style=\"text-align: justify;\"><em><br \/>\n<\/em><\/p>\n<p><strong><a href=\"http:\/\/www.robertosculpture.at\/kontakt\/portraet\/\" rel=\"attachment wp-att-2076\"><img loading=\"lazy\" decoding=\"async\" data-attachment-id=\"2076\" data-permalink=\"https:\/\/www.robertosculpture.at\/fr\/kontakt\/portraet\/\" data-orig-file=\"https:\/\/www.robertosculpture.at\/wp-content\/uploads\/2015\/09\/Portr\u00e4t.jpg\" data-orig-size=\"2252,1924\" data-comments-opened=\"0\" data-image-meta=\"{&quot;aperture&quot;:&quot;0&quot;,&quot;credit&quot;:&quot;&quot;,&quot;camera&quot;:&quot;&quot;,&quot;caption&quot;:&quot;&quot;,&quot;created_timestamp&quot;:&quot;0&quot;,&quot;copyright&quot;:&quot;&quot;,&quot;focal_length&quot;:&quot;0&quot;,&quot;iso&quot;:&quot;0&quot;,&quot;shutter_speed&quot;:&quot;0&quot;,&quot;title&quot;:&quot;&quot;,&quot;orientation&quot;:&quot;0&quot;}\" data-image-title=\"\" data-image-description=\"\" data-image-caption=\"&lt;p&gt;\u00a9 Robert Hautz&lt;\/p&gt;\n\" data-medium-file=\"https:\/\/www.robertosculpture.at\/wp-content\/uploads\/2015\/09\/Portr\u00e4t-300x256.jpg\" data-large-file=\"https:\/\/www.robertosculpture.at\/wp-content\/uploads\/2015\/09\/Portr\u00e4t.jpg\" class=\"alignleft size-thumbnail wp-image-2076\" src=\"http:\/\/www.robertosculpture.at\/wp-content\/uploads\/2015\/09\/Portr\u00e4t-150x150.jpg\" alt=\"\" width=\"150\" height=\"150\" \/><\/a>Robert Hautz<\/strong><br \/>\n<strong>Eggenberger G\u00fcrtel 76<\/strong><br \/>\n<strong>8020 Graz<\/strong>\u00a0 (<strong>Autriche)<\/strong><\/p>\n<p><strong>T\u00e9l\u00e9phone: +43 (0) 676 9314366<\/strong><br \/>\n<strong> Courriel: <a href=\"mailto:robert.hautz@gmx.at\" target=\"_blank\">robert.hautz@gmx.at<\/a><\/strong><\/p>\n<div style=\"text-align: justify;\">\n<p><a href=\"http:\/\/www.robertosculpture.at\/wp-content\/uploads\/2014\/07\/HR_KreisSLogo.jpg\"><img loading=\"lazy\" decoding=\"async\" data-attachment-id=\"1376\" data-permalink=\"https:\/\/www.robertosculpture.at\/fr\/kontakt\/hr_kreisslogo\/\" data-orig-file=\"https:\/\/www.robertosculpture.at\/wp-content\/uploads\/2014\/07\/HR_KreisSLogo.jpg\" data-orig-size=\"428,440\" data-comments-opened=\"0\" data-image-meta=\"{&quot;aperture&quot;:&quot;0&quot;,&quot;credit&quot;:&quot;&quot;,&quot;camera&quot;:&quot;&quot;,&quot;caption&quot;:&quot;&quot;,&quot;created_timestamp&quot;:&quot;0&quot;,&quot;copyright&quot;:&quot;&quot;,&quot;focal_length&quot;:&quot;0&quot;,&quot;iso&quot;:&quot;0&quot;,&quot;shutter_speed&quot;:&quot;0&quot;,&quot;title&quot;:&quot;&quot;}\" data-image-title=\"HR_KreisSLogo\" data-image-description=\"\" data-image-caption=\"\" data-medium-file=\"https:\/\/www.robertosculpture.at\/wp-content\/uploads\/2014\/07\/HR_KreisSLogo-291x300.jpg\" data-large-file=\"https:\/\/www.robertosculpture.at\/wp-content\/uploads\/2014\/07\/HR_KreisSLogo.jpg\" class=\"alignleft wp-image-1376\" src=\"http:\/\/www.robertosculpture.at\/wp-content\/uploads\/2014\/07\/HR_KreisSLogo-145x150.jpg\" alt=\"HR_KreisSLogo\" width=\"45\" height=\"46\" srcset=\"https:\/\/www.robertosculpture.at\/wp-content\/uploads\/2014\/07\/HR_KreisSLogo-145x150.jpg 145w, https:\/\/www.robertosculpture.at\/wp-content\/uploads\/2014\/07\/HR_KreisSLogo-291x300.jpg 291w, https:\/\/www.robertosculpture.at\/wp-content\/uploads\/2014\/07\/HR_KreisSLogo.jpg 428w\" sizes=\"auto, (max-width: 45px) 100vw, 45px\" \/><\/a><\/p>\n<p style=\"text-align: justify;\"><em><br \/>\n<\/em><\/p>\n<p style=\"text-align: justify;\"><em><br \/>\n<\/em><\/p>\n<p style=\"text-align: justify;\"><div data-test='contact-form' id='contact-form-10-2-1' class='wp-block-jetpack-contact-form-container '>\n<form action='https:\/\/www.robertosculpture.at\/fr\/kontakt\/#contact-form-10-2-1' method='post' class='contact-form commentsblock' aria-label=\"Contact\" novalidate>\n\n<div style=\"\" class='grunion-field-name-wrap grunion-field-wrap'  >\n<label\n\t\t\t\tfor='g10-2-1-nom'\n\t\t\t\tclass='grunion-field-label name'>Nom<span class=\"grunion-label-required\" aria-hidden=\"true\">(obligatoire)<\/span><\/label>\n<input\n\t\t\t\t\ttype='text'\n\t\t\t\t\tname='g10-2-1-nom'\n\t\t\t\t\tid='g10-2-1-nom'\n\t\t\t\t\tvalue=''\n\t\t\t\t\tclass='name  grunion-field' \n\t\t\t\t\trequired aria-required='true' \/>\n\t<\/div>\n\n<div style=\"\" class='grunion-field-email-wrap grunion-field-wrap'  >\n<label\n\t\t\t\tfor='g10-2-1-courriel'\n\t\t\t\tclass='grunion-field-label email'>Courriel<span class=\"grunion-label-required\" aria-hidden=\"true\">(obligatoire)<\/span><\/label>\n<input\n\t\t\t\t\ttype='email'\n\t\t\t\t\tname='g10-2-1-courriel'\n\t\t\t\t\tid='g10-2-1-courriel'\n\t\t\t\t\tvalue=''\n\t\t\t\t\tclass='email  grunion-field' \n\t\t\t\t\trequired aria-required='true' \/>\n\t<\/div>\n\n<div style=\"\" class='grunion-field-url-wrap grunion-field-wrap'  >\n<label\n\t\t\t\tfor='g10-2-1-siteinternet'\n\t\t\t\tclass='grunion-field-label url'>Site internet<\/label>\n<input\n\t\t\t\t\ttype='text'\n\t\t\t\t\tname='g10-2-1-siteinternet'\n\t\t\t\t\tid='g10-2-1-siteinternet'\n\t\t\t\t\tvalue=''\n\t\t\t\t\tclass='url  grunion-field' \n\t\t\t\t\ttitle=\"Veuillez saisir une URL valide - https:\/\/www.exemple.fr\" oninvalid=\"setCustomValidity(&quot;Veuillez saisir une URL valide - https:\/\/www.exemple.fr&quot;)\" oninput=\"setCustomValidity(&quot;&quot;)\" pattern=\"(?:(?:[Hh][Tt][Tt][Pp][Ss]?|[Ff][Tt][Pp]):\\\/\\\/)?(?:\\S+(?::\\S*)?@|\\d{1,3}(?:\\.\\d{1,3}){3}|(?:(?:[a-zA-Z\\d\\u00a1-\\uffff]+-?)*[a-zA-Z\\d\\u00a1-\\uffff]+)(?:\\.(?:[a-zA-Z\\d\\u00a1-\\uffff]+-?)*[a-zA-Z\\d\\u00a1-\\uffff]+)*(?:\\.[a-zA-Z\\u00a1-\\uffff]{2,6}))(?::\\d+)?(?:[^\\s]*)?\" data-type-override=\"url\"  \/>\n\t<\/div>\n\n<div style=\"\" class='grunion-field-textarea-wrap grunion-field-wrap'  >\n<label\n\t\t\t\tfor='contact-form-comment-g10-2-1-message'\n\t\t\t\tclass='grunion-field-label textarea'>Message<span class=\"grunion-label-required\" aria-hidden=\"true\">(obligatoire)<\/span><\/label>\n<textarea\n\t\t                style=''\n\t\t                name='g10-2-1-message'\n\t\t                id='contact-form-comment-g10-2-1-message'\n\t\t                rows='20' class='textarea  grunion-field'  required aria-required='true'><\/textarea>\n\t<\/div>\n\t<p class='contact-submit'>\n\t\t<button type='submit' class='pushbutton-wide'>Envoyer<\/button>\t\t<input type='hidden' name='contact-form-id' value='10-2-1' \/>\n\t\t<input type='hidden' name='action' value='grunion-contact-form' \/>\n\t\t<input type='hidden' name='contact-form-hash' value='15bcbad3a06d9bf86ba2334946ed16529a2bffd6' \/>\n\t<\/p>\n<\/form>\n<\/div><\/p>\n<p><em><span lang=\"fr\">\u00a0Tout sur cette page d&rsquo;accueil les illustrations et le contenu publi\u00e9 sont sous r\u00e9serve le plein droit d&rsquo;auteur et les droits d&rsquo;usage des auteurs ou les photographes et les artistes. <\/span><span lang=\"fr\">Toute utilisation sans autorisation \u00e9crite est interdite. <\/span><span lang=\"fr\">La r\u00e9utilisation des donn\u00e9es personnelles publi\u00e9es sur ce site doit \u00e9galement le consentement \u00e9crit explicit de la personne concern\u00e9e.<\/span><\/em><\/p>\n<\/div>\n<div style=\"text-align: justify;\">\n<p><em><span lang=\"fr\">\u00a9 Robert Hautz<\/span><\/em><\/p>\n<\/div>\n<p><\/p>","protected":false},"excerpt":{"rendered":"<p>Robert Hautz Eggenberger G\u00fcrtel 76 8020 Graz\u00a0 (Autriche) T\u00e9l\u00e9phone: +43 (0) 676 9314366 Courriel: robert.hautz@gmx.at \u00a0Tout sur cette page d&rsquo;accueil les illustrations et le contenu publi\u00e9 sont sous r\u00e9serve le plein droit d&rsquo;auteur et les droits d&rsquo;usage des auteurs ou les photographes et les artistes. Toute utilisation sans autorisation \u00e9crite est interdite. La r\u00e9utilisation des [&hellip;]<\/p>\n","protected":false},"author":1,"featured_media":0,"parent":0,"menu_order":0,"comment_status":"closed","ping_status":"closed","template":"","meta":{"advanced_seo_description":"","jetpack_seo_html_title":"","jetpack_seo_noindex":false,"jetpack_post_was_ever_published":false,"footnotes":""},"class_list":["post-10","page","type-page","status-publish","hentry"],"jetpack_shortlink":"https:\/\/wp.me\/P4L60L-a","jetpack_sharing_enabled":true,"_links":{"self":[{"href":"https:\/\/www.robertosculpture.at\/fr\/wp-json\/wp\/v2\/pages\/10","targetHints":{"allow":["GET"]}}],"collection":[{"href":"https:\/\/www.robertosculpture.at\/fr\/wp-json\/wp\/v2\/pages"}],"about":[{"href":"https:\/\/www.robertosculpture.at\/fr\/wp-json\/wp\/v2\/types\/page"}],"author":[{"embeddable":true,"href":"https:\/\/www.robertosculpture.at\/fr\/wp-json\/wp\/v2\/users\/1"}],"replies":[{"embeddable":true,"href":"https:\/\/www.robertosculpture.at\/fr\/wp-json\/wp\/v2\/comments?post=10"}],"version-history":[{"count":104,"href":"https:\/\/www.robertosculpture.at\/fr\/wp-json\/wp\/v2\/pages\/10\/revisions"}],"predecessor-version":[{"id":2079,"href":"https:\/\/www.robertosculpture.at\/fr\/wp-json\/wp\/v2\/pages\/10\/revisions\/2079"}],"wp:attachment":[{"href":"https:\/\/www.robertosculpture.at\/fr\/wp-json\/wp\/v2\/media?parent=10"}],"curies":[{"name":"wp","href":"https:\/\/api.w.org\/{rel}","templated":true}]}}